{"id":201,"date":"2011-12-28T17:09:17","date_gmt":"2011-12-28T17:09:17","guid":{"rendered":"http:\/\/blog.portrait-of-a-shadow.de\/?page_id=201"},"modified":"2014-09-19T18:09:17","modified_gmt":"2014-09-19T18:09:17","slug":"impressum","status":"publish","type":"page","link":"http:\/\/blog.portrait-of-a-shadow.de\/?page_id=201","title":{"rendered":"Impressum"},"content":{"rendered":"<p><strong>Administration und Domaininhaber:<\/strong><\/p>\n<p>Markus Sch\u00f6nell<br \/>\nSchellenbergstr. 11<br \/>\n81547 M\u00fcnchen<\/p>\n<p>Email: markus -at- redpaintedblack.de<\/p>\n<p>Internet: www.redpaintedblack.de<br \/>\nInternet: www.portrait-of-a-shadow.de<\/p>\n<p><strong>Inhaltlich Verantwortlich gem\u00e4\u00df \u00a7 10 Absatz 3 MDStV:<\/strong><\/p>\n<p>Andrea aka Xayde<\/p>\n<p>Email: kontakt-at-portrait-of-a-shadow.de<br \/>\nInternet: www.portrait-of-a-shadow.de<\/p>\n<p>Haftungshinweis:<\/p>\n<p>Trotz sorgf\u00e4ltiger inhaltlicher Kontrolle \u00fcbernehmen wir keine Haftung f\u00fcr die Inhalte externer Links.<br \/>\nF\u00fcr den Inhalt der verlinkten Seiten sind ausschlie\u00dflich deren Betreiber verantwortlich.<\/p>\n<p>Alle Geschichten, Gedichte oder sonstige Formen der Literatur die hierver\u00f6ffentlicht werden sind frei erfunden, \u00dcbereinstimmungen mit real existierenden Personen sind rein zuf\u00e4llig.<\/p>\n<p>&nbsp;<\/p>\n","protected":false},"excerpt":{"rendered":"<p>Administration und Domaininhaber: Markus Sch\u00f6nell Schellenbergstr. 11 81547 M\u00fcnchen Email: markus -at- redpaintedblack.de Internet: www.redpaintedblack.de Internet: www.portrait-of-a-shadow.de Inhaltlich Verantwortlich gem\u00e4\u00df \u00a7 10 Absatz 3 MDStV: Andrea aka Xayde Email: kontakt-at-portrait-of-a-shadow.de Internet: www.portrait-of-a-shadow.de Haftungshinweis: Trotz sorgf\u00e4ltiger inhaltlicher Kontrolle \u00fcbernehmen wir keine &hellip; <a href=\"http:\/\/blog.portrait-of-a-shadow.de\/?page_id=201\">Weiterlesen <span class=\"meta-nav\">&rarr;<\/span><\/a><\/p>\n","protected":false},"author":1,"featured_media":0,"parent":0,"menu_order":0,"comment_status":"open","ping_status":"open","template":"","meta":{"footnotes":""},"class_list":["post-201","page","type-page","status-publish","hentry"],"_links":{"self":[{"href":"http:\/\/blog.portrait-of-a-shadow.de\/index.php?rest_route=\/wp\/v2\/pages\/201","targetHints":{"allow":["GET"]}}],"collection":[{"href":"http:\/\/blog.portrait-of-a-shadow.de\/index.php?rest_route=\/wp\/v2\/pages"}],"about":[{"href":"http:\/\/blog.portrait-of-a-shadow.de\/index.php?rest_route=\/wp\/v2\/types\/page"}],"author":[{"embeddable":true,"href":"http:\/\/blog.portrait-of-a-shadow.de\/index.php?rest_route=\/wp\/v2\/users\/1"}],"replies":[{"embeddable":true,"href":"http:\/\/blog.portrait-of-a-shadow.de\/index.php?rest_route=%2Fwp%2Fv2%2Fcomments&post=201"}],"version-history":[{"count":4,"href":"http:\/\/blog.portrait-of-a-shadow.de\/index.php?rest_route=\/wp\/v2\/pages\/201\/revisions"}],"predecessor-version":[{"id":449,"href":"http:\/\/blog.portrait-of-a-shadow.de\/index.php?rest_route=\/wp\/v2\/pages\/201\/revisions\/449"}],"wp:attachment":[{"href":"http:\/\/blog.portrait-of-a-shadow.de\/index.php?rest_route=%2Fwp%2Fv2%2Fmedia&parent=201"}],"curies":[{"name":"wp","href":"https:\/\/api.w.org\/{rel}","templated":true}]}}